{"id":25,"date":"2016-10-24T14:15:42","date_gmt":"2016-10-24T14:15:42","guid":{"rendered":"http:\/\/www.aqualiacontigo.com\/pt-pt\/bases-legales\/"},"modified":"2017-02-24T12:52:06","modified_gmt":"2017-02-24T10:52:06","slug":"regulamento","status":"publish","type":"page","link":"https:\/\/www.aqualiaigualdad.com\/2017\/pt-pt\/regulamento\/","title":{"rendered":"Regulamento"},"content":{"rendered":"<p>A FCC Aqualia S.A. (adiante designada Aqualia ou a Organiza\u00e7\u00e3o), com domic\u00edlio em Madrid e CIF A26019992, por motivo da comemora\u00e7\u00e3o do <strong>Dia Internacional da Mulher<\/strong> a 8 de mar\u00e7o de 2017, organiza uma campanha na qual poder\u00e3o participar os seus funcion\u00e1rios atrav\u00e9s de um website espec\u00edfico e do Twitter e que se reger\u00e1 nos termos do presente Regulamento (adiante designado \u00abRegulamento\u00bb).<\/p>\n<p><strong><u>Campanha:<\/u><\/strong><\/p>\n<p>A campanha organizada pela Aqualia consiste na publica\u00e7\u00e3o de fotos e de mensagens de apoio \u00e0 igualdade entre homens e mulheres por parte dos trabalhadores da Aqualia que assim o desejarem, de forma volunt\u00e1ria, atrav\u00e9s da p\u00e1gina web www.aqualiaigualdad.com\u00a0(adiante designada \u00abA Plataforma\u00bb).<\/p>\n<p>As fotografias e mensagens, por sua vez, e sempre que o participante assim o assinale na Plataforma, ser\u00e3o partilhadas na rede social Twitter com o hashtag definido nesta campanha: #Aqualiaigualdad<\/p>\n<p>No registo de fotografias e mensagens tamb\u00e9m se incluir\u00e3o, de forma opcional, o nome e o departamento do participante que assim o desejar.<\/p>\n<p>Posteriormente, as fotografias, mensagens e dados indicados por cada participante, formar\u00e3o parte do arquivo de materiais da Campanha para uso da Aqualia em comunica\u00e7\u00f5es e publica\u00e7\u00f5es que fa\u00e7am refer\u00eancia a este tipo de iniciativas de apoio a temas sociais por parte da organiza\u00e7\u00e3o.<\/p>\n<p><strong><u>Dura\u00e7\u00e3o da campanha<\/u><\/strong><\/p>\n<p>A campanha estar\u00e1 ativa desde as 00:00 (GMT+1) do dia 27\/02\/2017 at\u00e9 \u00e0s 00:00 (GMT+1) do dia 08\/03\/2017.<\/p>\n<p>Se, por motivos de for\u00e7a maior ou alheios ao controlo da Aqualia, for preciso adiar ou modificar a dura\u00e7\u00e3o da Campanha, ou anular ou repetir a mesma, este facto ser\u00e1 notificado aos participantes atrav\u00e9s da Plataforma ou por correio eletr\u00f3nico ou outras ferramentas de comunica\u00e7\u00e3o interna da Aqualia.<\/p>\n<p><strong><u>Descri\u00e7\u00e3o dos participantes<\/u><\/strong><\/p>\n<p>A campanha organizada pela Aqualia est\u00e1 destinada \u00e0 participa\u00e7\u00e3o de todos os trabalhadores que fazem parte da empresa, bem como das suas filiais e empresas UTES e Mistas.<\/p>\n<p>N\u00e3o ser\u00e1 considerada v\u00e1lida a participa\u00e7\u00e3o na Campanha de pessoas que n\u00e3o cumpram os requisitos indicados anteriormente.<\/p>\n<p><strong><u>Aceita\u00e7\u00e3o do Regulamento<\/u><\/strong><\/p>\n<p>A participa\u00e7\u00e3o nesta Campanha pressup\u00f5e a aceita\u00e7\u00e3o na \u00edntegra do presente Regulamento e a aceita\u00e7\u00e3o expressa das decis\u00f5es interpretativas tomadas pela organiza\u00e7\u00e3o. A Aqualia reserva-se o direito a desclassi\ufb01car os participantes que n\u00e3o cumpram o Regulamento e, especialmente, qualquer participa\u00e7\u00e3o que v\u00e1 de encontro ao Regulamento.<\/p>\n<p>Com a aceita\u00e7\u00e3o deste Regulamento, os participantes compreendem os termos e condi\u00e7\u00f5es do mesmo e comprometem-se a cumprir a regulamenta\u00e7\u00e3o vigente que possa aplicar-se a este respeito, de modo que pelo simples facto de participar na Campanha est\u00e3o a prestar o seu consentimento e a submeter-se ao Regulamento e \u00e0 legalidade de forma total e irrevog\u00e1vel.<\/p>\n<p>A manifesta\u00e7\u00e3o em contr\u00e1rio do participante, independentemente do momento em que se realize, implicar\u00e1 a sua autoexclus\u00e3o da Campanha e a exonera\u00e7\u00e3o da Aqualia de qualquer compromisso assumido com o participante.<\/p>\n<p>O presente Regulamento est\u00e1 \u00e0 disposi\u00e7\u00e3o de qualquer pessoa que deseje consult\u00e1-lo atrav\u00e9s da Plataforma (<a href=\"http:\/\/www.aqualiaigualdad.com\">www.aqualiaigualdad.com<\/a>).<\/p>\n<p>&nbsp;<\/p>\n<p><strong><u>Condi\u00e7\u00f5es de participa\u00e7\u00e3o<\/u><\/strong><\/p>\n<p>Para poder participar na Campanha, o interessado deve aceder \u00e0 Plataforma e selecionar entre as diferentes op\u00e7\u00f5es de participa\u00e7\u00e3o que se disponibilizam:<\/p>\n<ul>\n<li>Transferindo o \u00edcone da Campanha e fazer uso do mesmo como imagem gen\u00e9rica a partilhar nas redes sociais (de prefer\u00eancia no Twitter, de forma associada \u00e0 Campanha, com o hashtag definido: #Aqualiaigualdad) ou como imagem dos seus perfis nas redes sociais durante o per\u00edodo da Campanha.<\/li>\n<li>Publicando na plataforma web a sua pr\u00f3pria fotografia (individual ou de grupo) juntamente com uma mensagem de apoio \u00e0 igualdade entre homens e mulheres e dados opcionais se assim o desejar (nome e departamento \/ Servi\u00e7o).<\/li>\n<li>Partilhando, al\u00e9m disso, o anteriormente publicado na plataforma, atrav\u00e9s da rede social Twitter, a partir do mesmo formul\u00e1rio de participa\u00e7\u00e3o facilitado pela Plataforma ou diretamente a partir do Twitter, juntamente com a sua fotografia pessoal, depois de personalizada atrav\u00e9s da Plataforma com a imagem (s\u00edmbolo feminino) da Campanha.<\/li>\n<\/ul>\n<p>Deve ser tido em conta que as avalia\u00e7\u00f5es que possam ser feitas das publica\u00e7\u00f5es atrav\u00e9s das diferentes redes sociais nas quais se podem partilhar n\u00e3o dependem da Aqualia e s\u00e3o alheias ao controlo da Aqualia. O Twitter, nem nenhuma outra rede social, n\u00e3o patrocina, apoia, nem gere de modo algum a Campanha.<\/p>\n<p>A Aqualia reserva-se o direito de eliminar a publica\u00e7\u00e3o de qualquer pessoa que trate de, ou chegue a, defraudar, alterar ou inutilizar o bom funcionamento e o decurso normal e regulamentar da Campanha.<\/p>\n<p><strong><u>Requisitos para participar<\/u><\/strong><\/p>\n<p>A participa\u00e7\u00e3o na Campanha \u00e9 gratuita, volunt\u00e1ria e est\u00e1 limitada a quem cumpra todos os requisitos que se enunciam a seguir:<\/p>\n<ul>\n<li>Ser, atualmente, trabalhador da Aqualia bem como das suas filiais e empresas UTES e Mistas.<\/li>\n<li>Cumprir os requisitos especificados na sec\u00e7\u00e3o \u00abCondi\u00e7\u00f5es de participa\u00e7\u00e3o\u00bb do presente Regulamento.<\/li>\n<li>N\u00e3o utilizar a participa\u00e7\u00e3o no presente concurso para: (i) difundir ideias pol\u00edticas ou religiosas, (ii) promover inj\u00farias e\/ou cal\u00fanias face a terceiros, (iii) usar linguagem nem fotografias violentas, obscenas e ofensivas, (iv) publicar conte\u00fado diferente da tem\u00e1tica da Campanha nem (v) publicar conte\u00fado que inclua imagens nem dados pessoais de menores de idade.<\/li>\n<\/ul>\n<p><strong><u>Comunica\u00e7\u00e3o da Campanha<\/u><\/strong><\/p>\n<p>A comunica\u00e7\u00e3o p\u00fablica da Campanha ser\u00e1 feita a partir de 27 de fevereiro de 2017 atrav\u00e9s de:<\/p>\n<ul>\n<li>Os canais de comunica\u00e7\u00e3o interna dispon\u00edveis na Aqualia: intranet, cartazes em escrit\u00f3rios e instala\u00e7\u00f5es, Flash informativo, O Teu Flash, emailing espec\u00edfico atrav\u00e9s de correio eletr\u00f3nico, etc.<\/li>\n<li>Atrav\u00e9s da Plataforma\u00a0<a href=\"http:\/\/www.aqualiacontigo.com\/\">aqualiaigualdad.com<\/a><\/li>\n<li>Atrav\u00e9s da p\u00e1gina Web da Aqualia:<a href=\"http:\/\/www.aqualia.com\/\">aqualia.com<\/a><\/li>\n<li>Atrav\u00e9s da rede social Twitter (@FCCAqualia)<\/li>\n<li>Atrav\u00e9s dos Meios de Comunica\u00e7\u00e3o que fa\u00e7am eco da mesma.<\/li>\n<\/ul>\n<p><strong><u>Prote\u00e7\u00e3o de dados de car\u00e1ter pessoal<\/u><\/strong><\/p>\n<p>Em cumprimento da Lei Org\u00e2nica 15\/1999, de 13 de dezembro, relativa \u00e0 Prote\u00e7\u00e3o de Dados de Car\u00e1ter Pessoal, a Aqualia informa e o <u>participante consente expressamente que os seus dados pessoais facultados atrav\u00e9s da Plataforma <\/u><a href=\"http:\/\/www.aqualiaigualdad.com\">www.aqualiaigualdad.com<\/a><u> sejam inclu\u00eddos num ficheiro da Aqualia, sendo tratados pela mesma, na qualidade de Respons\u00e1vel pelo Ficheiro, com as seguintes finalidades:<\/u><\/p>\n<ul>\n<li>Gerir a correta participa\u00e7\u00e3o na Campanha.<\/li>\n<li>Divulgar a Campanha, os seus resultados e a fotografia, mensagens e dados indicados por qualquer meio de comunica\u00e7\u00e3o.<\/li>\n<\/ul>\n<p>Para o bom desenrolar da Campanha, ser\u00e1 necess\u00e1rio que os dados pessoais dos participantes, recolhidos atrav\u00e9s da Plataforma, sejam verdadeiros, completos e atuais, e a isso se comprometem os participantes atrav\u00e9s da aceita\u00e7\u00e3o deste Regulamento. Se os dados de car\u00e1ter pessoal de um participante da Campanha forem incertos, falsos, incompletos ou n\u00e3o foram atualizados de forma a que a identifica\u00e7\u00e3o do participante se afigure imposs\u00edvel por meios razo\u00e1veis, a Aqualia reserva-se o direito de desclassific\u00e1-lo da Campanha, isentando-se de qualquer responsabilidade a este respeito.<\/p>\n<p>Poder\u00e1 exercer os seus direitos de acesso, retifica\u00e7\u00e3o, cancelamento e oposi\u00e7\u00e3o, em nome pr\u00f3prio ou em representa\u00e7\u00e3o do participante da Campanha, enviando uma carta com o assunto \u00abProte\u00e7\u00e3o de Dados\u00bb e uma fotoc\u00f3pia do cart\u00e3o de cidad\u00e3o do titular dos dados, para a seguinte morada: C \/ Federico Salmon, 28016 Madrid ou dirigindo o seu pedido com os mesmos requisitos atrav\u00e9s de\u00a0<a href=\"mailto:protecciondedatos@fcc.es\">protecciondedatos@fcc.es<\/a>.<\/p>\n<p>Atrav\u00e9s da aceita\u00e7\u00e3o do Regulamento, os participantes cedem \u00e0 Aqualia, de forma exclusiva e com a capacidade de cess\u00e3o a terceiros, os direitos de imagem, bem como quaisquer outros direitos, que se lhes possam aplicar em resultado da sua participa\u00e7\u00e3o na Campanha e que poder\u00e3o ser objeto de comunica\u00e7\u00e3o p\u00fablica atrav\u00e9s dos v\u00e1rios meios de comunica\u00e7\u00e3o (p\u00e1ginas Web, redes sociais, etc.)<\/p>\n<p>Para este efeito, o participante autoriza a Aqualia a usar a imagem e dados pessoais do participante que possam ser recolhidos durante o decorrer da Campanha com o intuito de permitir a sua explora\u00e7\u00e3o por qualquer m\u00e9todo, para todo o mundo e sem limite de tempo.<\/p>\n<p><strong><u>Direitos de propriedade intelectual<\/u><\/strong><\/p>\n<p>O participante garante que \u00e9 o \u00fanico titular dos direitos de propriedade intelectual de cada uma das fotografias e mensagens apresentadas na Campanha atrav\u00e9s da plataforma <a href=\"http:\/\/www.aqualiaigualdad.com\">www.aqualiaigualdad.com<\/a> e \u00e9 o total respons\u00e1vel pela n\u00e3o exist\u00eancia de direitos de terceiros sobre os conte\u00fados publicados, bem como todas as reclama\u00e7\u00f5es de terceiros por direitos de imagem e\/ou propriedade intelectual.<\/p>\n<p>A participa\u00e7\u00e3o na Campanha pressup\u00f5e a cess\u00e3o \u00e0 Aqualia, com car\u00e1cter exclusivo e transmiss\u00edvel, para um \u00e2mbito territorial mundial, durante todo o per\u00edodo de vig\u00eancia dos direitos de propriedade intelectual e com car\u00e1cter gratuito pelo participante, de todos os direitos de explora\u00e7\u00e3o derivados das cria\u00e7\u00f5es com as quais participe na Campanha.<\/p>\n<p>A cess\u00e3o de direitos de propriedade intelectual segundo o exposto neste Regulamento n\u00e3o gera nem outorga reembolso, pagamento de tarifa ou regalia nem direitos econ\u00f3micos de nenhum tipo ao participante.<\/p>\n<p><strong><u>Responsabilidades<\/u><\/strong><\/p>\n<p>A Aqualia reserva-se o direito de anular qualquer participa\u00e7\u00e3o ou qualquer participante, se suspeitar de manipula\u00e7\u00e3o indevida dos dados ou da Campanha.<\/p>\n<p>A organiza\u00e7\u00e3o reserva-se o direito de rejeitar ou excluir da participa\u00e7\u00e3o na Campanha qualquer participante que n\u00e3o cumpra os requisitos descritos no presente Regulamento e condi\u00e7\u00f5es de participa\u00e7\u00e3o ou infrinja as regras ou a finalidade da Campanha.<\/p>\n<p>A organiza\u00e7\u00e3o n\u00e3o se responsabiliza pelo mau funcionamento da Plataforma, nem pelas poss\u00edveis perdas de dados por problemas de correio eletr\u00f3nico e\/o pelo mau funcionamento da Internet.<\/p>\n<p>Al\u00e9m disso, a organiza\u00e7\u00e3o exclui qualquer responsabilidade por danos e preju\u00edzos de qualquer natureza que, apesar das medidas de seguran\u00e7a adotadas, possam dever-se \u00e0 utiliza\u00e7\u00e3o indevida dos servi\u00e7os e dos conte\u00fados pelos utilizadores e, em particular, embora sem car\u00e1ter limitativo, pelos danos e preju\u00edzos de qualquer natureza que possam resultar da apropria\u00e7\u00e3o da personalidade de um terceiro feita por um utilizador em qualquer tipo de comunica\u00e7\u00e3o realizada atrav\u00e9s da Plataforma.<\/p>\n<p><strong><u>Nulidade<\/u><\/strong><\/p>\n<p>Se qualquer disposi\u00e7\u00e3o do presente Regulamento for declarada totalmente ou parcialmente nula ou ineficaz, tal nulidade ou inefic\u00e1cia afetar\u00e1 apenas essa disposi\u00e7\u00e3o ou parte da mesma que seja nula ou ineficaz, n\u00e3o afetando o restante Regulamento a n\u00e3o ser que aquelas afetem de forma integral o presente Regulamento.<\/p>\n<p><strong><u>Jurisdi\u00e7\u00e3o e legisla\u00e7\u00e3o aplic\u00e1vel<\/u><\/strong><\/p>\n<p>O presente Regulamento ser\u00e1 interpretado e regido em conformidade com a legisla\u00e7\u00e3o espanhola. Para qualquer quest\u00e3o litigiosa derivada da exist\u00eancia, acesso, utiliza\u00e7\u00e3o ou conte\u00fado do Regulamento, o participante e a Aqualia renunciam expressamente a qualquer outro foro que se lhes possa aplicar, submetendo-se \u00e0 jurisdi\u00e7\u00e3o e compet\u00eancia exclusiva dos Ju\u00edzos e Tribunais de Madrid.<\/p>\n","protected":false},"excerpt":{"rendered":"<p>A FCC Aqualia S.A. (adiante designada Aqualia ou a Organiza\u00e7\u00e3o), com domic\u00edlio em Madrid e CIF A26019992, por motivo da comemora\u00e7\u00e3o do Dia Internacional da Mulher a 8 de mar\u00e7o de 2017, organiza uma campanha na qual poder\u00e3o participar os seus funcion\u00e1rios atrav\u00e9s de um website espec\u00edfico e do Twitter e que se reger\u00e1 nos [&hellip;]<\/p>\n","protected":false},"author":1,"featured_media":0,"parent":0,"menu_order":0,"comment_status":"closed","ping_status":"closed","template":"page-templates\/page-static-text.php","meta":{"_mi_skip_tracking":false},"yoast_head":"<!-- This site is optimized with the Yoast SEO plugin v20.0 - https:\/\/yoast.com\/wordpress\/plugins\/seo\/ -->\n<title>Regulamento - Aqualia Igualdad<\/title>\n<meta name=\"robots\" content=\"noindex, follow, max-snippet:-1, max-image-preview:large, max-video-preview:-1\" \/>\n<meta property=\"og:locale\" content=\"pt_PT\" \/>\n<meta property=\"og:type\" content=\"article\" \/>\n<meta property=\"og:title\" content=\"Regulamento - Aqualia Igualdad\" \/>\n<meta property=\"og:description\" content=\"A FCC Aqualia S.A. (adiante designada Aqualia ou a Organiza\u00e7\u00e3o), com domic\u00edlio em Madrid e CIF A26019992, por motivo da comemora\u00e7\u00e3o do Dia Internacional da Mulher a 8 de mar\u00e7o de 2017, organiza uma campanha na qual poder\u00e3o participar os seus funcion\u00e1rios atrav\u00e9s de um website espec\u00edfico e do Twitter e que se reger\u00e1 nos [&hellip;]\" \/>\n<meta property=\"og:url\" content=\"https:\/\/www.aqualiaigualdad.com\/2017\/pt-pt\/regulamento\/\" \/>\n<meta property=\"og:site_name\" content=\"Aqualia Igualdad\" \/>\n<meta property=\"article:modified_time\" content=\"2017-02-24T10:52:06+00:00\" \/>\n<meta name=\"twitter:card\" content=\"summary_large_image\" \/>\n<meta name=\"twitter:label1\" content=\"Tempo estimado de leitura\" \/>\n\t<meta name=\"twitter:data1\" content=\"9 minutos\" \/>\n<script type=\"application\/ld+json\" class=\"yoast-schema-graph\">{\"@context\":\"https:\/\/schema.org\",\"@graph\":[{\"@type\":\"WebPage\",\"@id\":\"https:\/\/www.aqualiaigualdad.com\/2017\/pt-pt\/regulamento\/\",\"url\":\"https:\/\/www.aqualiaigualdad.com\/2017\/pt-pt\/regulamento\/\",\"name\":\"Regulamento - Aqualia Igualdad\",\"isPartOf\":{\"@id\":\"https:\/\/www.aqualiaigualdad.com\/2017\/#website\"},\"datePublished\":\"2016-10-24T14:15:42+00:00\",\"dateModified\":\"2017-02-24T10:52:06+00:00\",\"breadcrumb\":{\"@id\":\"https:\/\/www.aqualiaigualdad.com\/2017\/pt-pt\/regulamento\/#breadcrumb\"},\"inLanguage\":\"pt-PT\",\"potentialAction\":[{\"@type\":\"ReadAction\",\"target\":[\"https:\/\/www.aqualiaigualdad.com\/2017\/pt-pt\/regulamento\/\"]}]},{\"@type\":\"BreadcrumbList\",\"@id\":\"https:\/\/www.aqualiaigualdad.com\/2017\/pt-pt\/regulamento\/#breadcrumb\",\"itemListElement\":[{\"@type\":\"ListItem\",\"position\":1,\"name\":\"Portada\",\"item\":\"https:\/\/www.aqualiaigualdad.com\/2017\/pt-pt\/\"},{\"@type\":\"ListItem\",\"position\":2,\"name\":\"Regulamento\"}]},{\"@type\":\"WebSite\",\"@id\":\"https:\/\/www.aqualiaigualdad.com\/2017\/#website\",\"url\":\"https:\/\/www.aqualiaigualdad.com\/2017\/\",\"name\":\"Aqualia Igualdad\",\"description\":\"Otro sitio realizado con WordPress\",\"potentialAction\":[{\"@type\":\"SearchAction\",\"target\":{\"@type\":\"EntryPoint\",\"urlTemplate\":\"https:\/\/www.aqualiaigualdad.com\/2017\/?s={search_term_string}\"},\"query-input\":\"required name=search_term_string\"}],\"inLanguage\":\"pt-PT\"}]}<\/script>\n<!-- \/ Yoast SEO plugin. -->","yoast_head_json":{"title":"Regulamento - Aqualia Igualdad","robots":{"index":"noindex","follow":"follow","max-snippet":"max-snippet:-1","max-image-preview":"max-image-preview:large","max-video-preview":"max-video-preview:-1"},"og_locale":"pt_PT","og_type":"article","og_title":"Regulamento - Aqualia Igualdad","og_description":"A FCC Aqualia S.A. (adiante designada Aqualia ou a Organiza\u00e7\u00e3o), com domic\u00edlio em Madrid e CIF A26019992, por motivo da comemora\u00e7\u00e3o do Dia Internacional da Mulher a 8 de mar\u00e7o de 2017, organiza uma campanha na qual poder\u00e3o participar os seus funcion\u00e1rios atrav\u00e9s de um website espec\u00edfico e do Twitter e que se reger\u00e1 nos [&hellip;]","og_url":"https:\/\/www.aqualiaigualdad.com\/2017\/pt-pt\/regulamento\/","og_site_name":"Aqualia Igualdad","article_modified_time":"2017-02-24T10:52:06+00:00","twitter_card":"summary_large_image","twitter_misc":{"Tempo estimado de leitura":"9 minutos"},"schema":{"@context":"https:\/\/schema.org","@graph":[{"@type":"WebPage","@id":"https:\/\/www.aqualiaigualdad.com\/2017\/pt-pt\/regulamento\/","url":"https:\/\/www.aqualiaigualdad.com\/2017\/pt-pt\/regulamento\/","name":"Regulamento - Aqualia Igualdad","isPartOf":{"@id":"https:\/\/www.aqualiaigualdad.com\/2017\/#website"},"datePublished":"2016-10-24T14:15:42+00:00","dateModified":"2017-02-24T10:52:06+00:00","breadcrumb":{"@id":"https:\/\/www.aqualiaigualdad.com\/2017\/pt-pt\/regulamento\/#breadcrumb"},"inLanguage":"pt-PT","potentialAction":[{"@type":"ReadAction","target":["https:\/\/www.aqualiaigualdad.com\/2017\/pt-pt\/regulamento\/"]}]},{"@type":"BreadcrumbList","@id":"https:\/\/www.aqualiaigualdad.com\/2017\/pt-pt\/regulamento\/#breadcrumb","itemListElement":[{"@type":"ListItem","position":1,"name":"Portada","item":"https:\/\/www.aqualiaigualdad.com\/2017\/pt-pt\/"},{"@type":"ListItem","position":2,"name":"Regulamento"}]},{"@type":"WebSite","@id":"https:\/\/www.aqualiaigualdad.com\/2017\/#website","url":"https:\/\/www.aqualiaigualdad.com\/2017\/","name":"Aqualia Igualdad","description":"Otro sitio realizado con WordPress","potentialAction":[{"@type":"SearchAction","target":{"@type":"EntryPoint","urlTemplate":"https:\/\/www.aqualiaigualdad.com\/2017\/?s={search_term_string}"},"query-input":"required name=search_term_string"}],"inLanguage":"pt-PT"}]}},"_links":{"self":[{"href":"https:\/\/www.aqualiaigualdad.com\/2017\/pt-pt\/wp-json\/wp\/v2\/pages\/25"}],"collection":[{"href":"https:\/\/www.aqualiaigualdad.com\/2017\/pt-pt\/wp-json\/wp\/v2\/pages"}],"about":[{"href":"https:\/\/www.aqualiaigualdad.com\/2017\/pt-pt\/wp-json\/wp\/v2\/types\/page"}],"author":[{"embeddable":true,"href":"https:\/\/www.aqualiaigualdad.com\/2017\/pt-pt\/wp-json\/wp\/v2\/users\/1"}],"replies":[{"embeddable":true,"href":"https:\/\/www.aqualiaigualdad.com\/2017\/pt-pt\/wp-json\/wp\/v2\/comments?post=25"}],"version-history":[{"count":3,"href":"https:\/\/www.aqualiaigualdad.com\/2017\/pt-pt\/wp-json\/wp\/v2\/pages\/25\/revisions"}],"predecessor-version":[{"id":1435,"href":"https:\/\/www.aqualiaigualdad.com\/2017\/pt-pt\/wp-json\/wp\/v2\/pages\/25\/revisions\/1435"}],"wp:attachment":[{"href":"https:\/\/www.aqualiaigualdad.com\/2017\/pt-pt\/wp-json\/wp\/v2\/media?parent=25"}],"curies":[{"name":"wp","href":"https:\/\/api.w.org\/{rel}","templated":true}]}}