{"id":28,"date":"2016-10-24T14:18:21","date_gmt":"2016-10-24T14:18:21","guid":{"rendered":"http:\/\/www.aqualiacontigo.com\/pt-pt\/politica-de-cookies\/"},"modified":"2016-11-09T12:14:08","modified_gmt":"2016-11-09T12:14:08","slug":"politica-de-cookies","status":"publish","type":"page","link":"https:\/\/www.aqualiaigualdad.com\/2017\/pt-pt\/politica-de-cookies\/","title":{"rendered":"Pol\u00edtica de cookies"},"content":{"rendered":"<p><strong>O que s\u00e3o Cookies?<\/strong><\/p>\n<p>Um cookie \u00e9 um ficheiro de texto que \u00e9 guardado no seu computador ou dispositivo m\u00f3vel atrav\u00e9s de um servidor Web e apenas esse servidor ser\u00e1 capaz de recuperar ou ler o conte\u00fado do cookie e permitir que o Web site se lembre das prefer\u00eancias de navega\u00e7\u00e3o para navegar de forma eficiente. Os cookies tornam a intera\u00e7\u00e3o entre o utilizador e o Web site mais r\u00e1pida e f\u00e1cil. <\/p>\n<p><strong>Informa\u00e7\u00f5es gerais<\/strong><\/p>\n<p>Est\u00e1 p\u00e1gina Web utiliza cookies. Cookies s\u00e3o pequenos ficheiros de texto gerados pelas p\u00e1ginas que visita e que cont\u00eam os dados de sess\u00e3o que podem ser \u00fateis mais tarde na p\u00e1gina Web. Desta forma, esta p\u00e1gina Web lembrar-se de informa\u00e7\u00f5es sobre a sua visita, o que pode facilitar a sua pr\u00f3xima visita e tornar a p\u00e1gina Web mais \u00fatil. <\/p>\n<p> <strong>Como funcionam os Cookies?<\/strong> <\/p>\n<p>Os cookies s\u00f3 podem guardar texto. Geralmente, \u00e9 sempre an\u00f3nimo e encriptado. No cookie n\u00e3o ser\u00e3o guardadas informa\u00e7\u00f5es pessoais nem podem associar-se \u00e0 pessoa identificada ou identific\u00e1vel. <\/p>\n<p>Os dados permitem que esta p\u00e1gina Web possa manter as suas informa\u00e7\u00f5es entre as p\u00e1ginas e tamb\u00e9m para analisar a forma como o utilizador interage com a p\u00e1gina Web. Os cookies s\u00e3o seguros porque s\u00f3 podem armazenar informa\u00e7\u00f5es disponibilizadas pelo browser, que \u00e9 a informa\u00e7\u00e3o que o utilizador introduziu no browser ou a que est\u00e1 inclu\u00edda no pedido da p\u00e1gina. N\u00e3o executam qualquer c\u00f3digo e n\u00e3o podem ser usados para aceder ao seu computador. Se uma p\u00e1gina Web encriptar as informa\u00e7\u00f5es do cookie, s\u00f3 essa p\u00e1gina Web pode ler as informa\u00e7\u00f5es. <\/p>\n<p><strong>Que tipos de cookies utilizamos?<\/strong><\/p>\n<p>Os cookies utilizados por esta p\u00e1gina Web podem distinguir-se segundo os crit\u00e9rios apresentados em seguida: <\/p>\n<p><strong>1. Tipos de cookies segundo a entidade que os gere:<\/strong><\/p>\n<p>Dependendo de quem \u00e9 a entidade que gere o equipamento ou o dom\u00ednio a partir do qual os cookies s\u00e3o enviados e trate os dados obtidos, podemos distinguir: <\/p>\n<ul type=\"disc\">\n<li>Cookies pr\u00f3prios: S\u00e3o      aqueles que se enviam ao equipamento terminal do utilizador a partir de um      equipamento ou dom\u00ednio gerido pelo pr\u00f3prio editor e a partir do qual se      presta o servi\u00e7o solicitado pelo utilizador. <\/li>\n<li>Cookies de terceiros: S\u00e3o      aqueles que se enviam ao equipamento terminal do utilizador a partir de um      equipamento ou dom\u00ednio que n\u00e3o \u00e9 gerido pelo editor, mas sim por outra entidade      que trata os dados obtidos atrav\u00e9s dos cookies. <\/li>\n<\/ul>\n<p>Se os cookies forem instalados a partir de um equipamento ou dom\u00ednio gerido pelo pr\u00f3prio editor, mas a informa\u00e7\u00e3o recolhida pelos mesmos for gerida por terceiros, n\u00e3o podem ser considerados cookies pr\u00f3prios. <\/p>\n<p> <strong>2. Tipos de cookies segundo o per\u00edodo de tempo em que permanecem ativos:<\/strong> <\/p>\n<p>Segundo o per\u00edodo de tempo em que permanecem ativos no equipamento terminal, podemos distinguir: <\/p>\n<ul type=\"disc\">\n<li>Cookies de sess\u00e3o: S\u00e3o um      tipo de cookies concebidos para obter e armazenar dados enquanto o      utilizador acede a uma p\u00e1gina Web. Costumam ser utilizados para guardar      informa\u00e7\u00f5es que apenas interessa conservar para a presta\u00e7\u00e3o do servi\u00e7o      solicitado pelo utilizador numa s\u00f3 ocasi\u00e3o (por exemplo, uma lista de      produtos adquiridos). <\/li>\n<li>Cookies persistentes: S\u00e3o um      tipo de cookies em que os dados s\u00e3o guardados no terminal e podem ser      acedidos e processados durante um per\u00edodo definido pelo respons\u00e1vel do      cookie e que pode ir de alguns minutos a v\u00e1rios anos. <\/li>\n<\/ul>\n<p><strong>3. Tipos de cookies segundo a sua finalidade:<\/strong><\/p>\n<p>De acordo com a finalidade com a qual os dados s\u00e3o recolhidos atrav\u00e9s dos cookies podemos distinguir entre: <\/p>\n<ul type=\"disc\">\n<li>Cookies t\u00e9cnicos: S\u00e3o      cookies que permitem ao utilizador navegar atrav\u00e9s de uma p\u00e1gina Web,      plataforma ou aplica\u00e7\u00e3o e a utiliza\u00e7\u00e3o das diferentes op\u00e7\u00f5es ou servi\u00e7os      que nela existam como por exemplo controlar o tr\u00e1fego e a comunica\u00e7\u00e3o de      dados, identificar a sess\u00e3o, aceder a partes de acesso restrito, recordar      os elementos que integram um pedido, realizar o processo de compra de um      pedido, realizar o pedido de inscri\u00e7\u00e3o ou participa\u00e7\u00e3o num evento,      utilizar elementos de seguran\u00e7a durante a navega\u00e7\u00e3o, guardar conte\u00fados      para a difus\u00e3o de v\u00eddeos ou som ou partilhar conte\u00fados atrav\u00e9s das redes      sociais. <\/li>\n<li>Cookies de personaliza\u00e7\u00e3o:      S\u00e3o cookies que permitem ao utilizador aceder ao servi\u00e7o com algumas      caracter\u00edsticas de car\u00e1ter geral predefinidas em fun\u00e7\u00e3o de uma s\u00e9rie de      crit\u00e9rios no terminal do utilizador como por exemplo o idioma, o tipo de      browser atrav\u00e9s do qual acede ao servi\u00e7o, a configura\u00e7\u00e3o regional a partir      da qual acede ao servi\u00e7o, etc. <\/li>\n<li>Cookies de an\u00e1lise: S\u00e3o      cookies que permitem ao respons\u00e1vel pelos mesmos o acompanhamento e      an\u00e1lise do comportamento dos utilizadores dos Web sites a que est\u00e3o      vinculados. A informa\u00e7\u00e3o recolhida atrav\u00e9s deste tipo de cookies \u00e9      utilizada na medi\u00e7\u00e3o da atividade dos Web sites, aplica\u00e7\u00e3o ou plataforma e      para a elabora\u00e7\u00e3o de perfis de navega\u00e7\u00e3o dos utilizadores dos referidos      Web sites, aplica\u00e7\u00f5es e plataformas, com o objetivo de introduzir      melhorias em fun\u00e7\u00e3o da an\u00e1lise dos dados do uso que fazem os utilizadores      do servi\u00e7o. <\/li>\n<\/ul>\n<p><strong>Ferramenta de Gest\u00e3o de Cookies<\/strong><\/p>\n<p>Esta p\u00e1gina Web utiliza cookies pr\u00f3prias para o correto funcionamento da mesma. <\/p>\n<p>Para o funcionamento correto da p\u00e1gina Web, \u00e9 utilizado o cookie de sess\u00e3o PHPSESSID. Este cookie tem a dura\u00e7\u00e3o da sess\u00e3o, ou seja, no final da sess\u00e3o, por inatividade ou sa\u00edda da p\u00e1gina, o cookie \u00e9 eliminado do computador do utilizador. \u00c9 tamb\u00e9m utilizado o cookie t\u00e9cnico &#8220;avck&#8221; com a dura\u00e7\u00e3o de um ano. <\/p>\n<p>Esta p\u00e1gina Web utiliza Google Analytics. <\/p>\n<p>O Google Analytics \u00e9 uma ferramenta gratuita de an\u00e1lise Web da Google que permite que os propriet\u00e1rios de p\u00e1ginas Web fiquem a saber de que forma os utilizadores interagem com a p\u00e1gina Web. Desta forma, ativa cookies no dom\u00ednio do s\u00edtio no qual se encontra o utilizador e utiliza um conjunto de cookies denominados &#8220;__utma&#8221; e &#8220;__utmz&#8221; para recolher informa\u00e7\u00e3o<strong> de forma an\u00f3nima <\/strong>e elaborar relat\u00f3rios de tend\u00eancias de p\u00e1ginas Web <strong>sem identificar utilizadores individuais.<\/strong><\/p>\n<p>Para fazer estat\u00edsticas de uso desta p\u00e1gina Web, utilizamos os cookies para ficar a conhecer o n\u00edvel de recorr\u00eancia dos nossos visitantes e os conte\u00fados que s\u00e3o mais interessantes. Desta forma, podemos concentrar os nossos esfor\u00e7os na melhoria das \u00e1reas mais visitadas e fazer com que o utilizador encontre mais facilmente aquilo de que anda \u00e0 procura. Nesta p\u00e1gina Web, as informa\u00e7\u00f5es da sua visita podem ser usadas para realizar avalia\u00e7\u00f5es e c\u00e1lculos estat\u00edsticos sobre dados an\u00f3nimos, bem como garantir a continuidade do servi\u00e7o ou para fazer melhorias nas p\u00e1ginas Web. Para mais pormenores, consulte a pol\u00edtica de privacidade na seguinte liga\u00e7\u00e3o [<a href=\"http:\/\/www.google.com\/intl\/pt-PT\/policies\/privacy\/\">http:\/\/www.google.com\/intl\/pt-PT\/policies\/privacy\/<\/a>] <\/p>\n<p> <strong>Como gerir os Cookies no seu computador: desativa\u00e7\u00e3o e elimina\u00e7\u00e3o de <\/strong><strong>cookies<\/strong><\/p>\n<p>Todos os browsers da Internet permitem limitar o comportamento de um cookie ou desativar os cookies nas configura\u00e7\u00f5es ou op\u00e7\u00f5es do browser. Os passos para o fazer variam segundo o browser, mas pode encontrar instru\u00e7\u00f5es no menu de ajuda do browser. <\/p>\n<p>Se n\u00e3o aceitar a utiliza\u00e7\u00e3o de cookies, j\u00e1 que \u00e9 poss\u00edvel rejeit\u00e1-las se usar os menus de prefer\u00eancias ou defini\u00e7\u00f5es de seu browser, esta p\u00e1gina Web continuar\u00e1 a funcionar corretamente sem o uso das mesmas. <\/p>\n<p>Pode permitir, bloquear ou eliminar os cookies instalados no seu computador, configurando as op\u00e7\u00f5es do browser instalado no seu computador: <\/p>\n<ul type=\"disc\">\n<li>Para obter mais informa\u00e7\u00f5es      sobre o<strong> Internet Explorer<\/strong> <a href=\"http:\/\/windows.microsoft.com\/pt-pt\/windows7\/how-to-manage-cookies-in-internet-explorer-9\">clique aqui<\/a> ou como bloquear, ativar ou      permitir cookies <a href=\"http:\/\/windows.microsoft.com\/pt-pt\/windows7\/how-to-manage-cookies-in-internet-explorer-9\">clique aqui<\/a>. <\/li>\n<li>Para obter mais informa\u00e7\u00f5es      sobre o <strong>Chrome<\/strong> <a href=\"https:\/\/support.google.com\/chrome\/answer\/95647?hl=pt\">clique aqui<\/a>. <\/li>\n<li>Para obter mais informa\u00e7\u00f5es      sobre o <strong>Safari<\/strong> <a href=\"https:\/\/support.apple.com\/pt-pt\/HT201265\">clique aqui<\/a>. <\/li>\n<li>Para obter mais informa\u00e7\u00f5es      sobre o <strong>Firefox <\/strong><a href=\"https:\/\/support.mozilla.org\/pt-PT\/kb\/ativar-e-desativar-cookies-que-os-websites-utiliza\">clique aqui.<\/a><\/li>\n<\/ul>\n<p>Atrav\u00e9s de seu browser, tamb\u00e9m pode ver os cookies que est\u00e3o guardados no seu computador e elimin\u00e1-los conforme achar necess\u00e1rio. Os cookies s\u00e3o ficheiros de texto, pode abri-los e ler o seu conte\u00fado. Os dados dentro dos cookies est\u00e3o quase sempre encriptados com uma chave num\u00e9rica que corresponde a uma sess\u00e3o da Internet, pelo que, n\u00e3o raro, n\u00e3o tem nenhum significado a n\u00e3o ser para a p\u00e1gina Web que o escreveu. <\/p>\n<p><strong>Consentimento <\/strong><strong> informado<\/strong><\/p>\n<p>A utiliza\u00e7\u00e3o da presente p\u00e1gina Web por sua parte implica a <strong>aceita\u00e7\u00e3o expressa e inequ\u00edvoca da utiliza\u00e7\u00e3o de cookies, nos termos e condi\u00e7\u00f5es previstos na presente Pol\u00edtica de Cookies<\/strong>, sem preju\u00edzo das medidas de desativa\u00e7\u00e3o e elimina\u00e7\u00e3o de cookies que possa adotar e que se mencionam no par\u00e1grafo anterior.<\/p>\n","protected":false},"excerpt":{"rendered":"<p>O que s\u00e3o Cookies? Um cookie \u00e9 um ficheiro de texto que \u00e9 guardado no seu computador ou dispositivo m\u00f3vel atrav\u00e9s de um servidor Web e apenas esse servidor ser\u00e1 capaz de recuperar ou ler o conte\u00fado do cookie e permitir que o Web site se lembre das prefer\u00eancias de navega\u00e7\u00e3o para navegar de forma [&hellip;]<\/p>\n","protected":false},"author":1,"featured_media":0,"parent":0,"menu_order":0,"comment_status":"closed","ping_status":"closed","template":"page-templates\/page-static-text.php","meta":{"_mi_skip_tracking":false},"yoast_head":"<!-- This site is optimized with the Yoast SEO plugin v20.0 - https:\/\/yoast.com\/wordpress\/plugins\/seo\/ -->\n<title>Pol\u00edtica de cookies - Aqualia Igualdad<\/title>\n<meta name=\"robots\" content=\"noindex, follow\" \/>\n<meta property=\"og:locale\" content=\"pt_PT\" \/>\n<meta property=\"og:type\" content=\"article\" \/>\n<meta property=\"og:title\" content=\"Pol\u00edtica de cookies - Aqualia Igualdad\" \/>\n<meta property=\"og:description\" content=\"O que s\u00e3o Cookies? Um cookie \u00e9 um ficheiro de texto que \u00e9 guardado no seu computador ou dispositivo m\u00f3vel atrav\u00e9s de um servidor Web e apenas esse servidor ser\u00e1 capaz de recuperar ou ler o conte\u00fado do cookie e permitir que o Web site se lembre das prefer\u00eancias de navega\u00e7\u00e3o para navegar de forma [&hellip;]\" \/>\n<meta property=\"og:url\" content=\"https:\/\/www.aqualiaigualdad.com\/2017\/pt-pt\/politica-de-cookies\/\" \/>\n<meta property=\"og:site_name\" content=\"Aqualia Igualdad\" \/>\n<meta property=\"article:modified_time\" content=\"2016-11-09T12:14:08+00:00\" \/>\n<meta name=\"twitter:card\" content=\"summary_large_image\" \/>\n<meta name=\"twitter:label1\" content=\"Tempo estimado de leitura\" \/>\n\t<meta name=\"twitter:data1\" content=\"8 minutos\" \/>\n<script type=\"application\/ld+json\" class=\"yoast-schema-graph\">{\"@context\":\"https:\/\/schema.org\",\"@graph\":[{\"@type\":\"WebPage\",\"@id\":\"https:\/\/www.aqualiaigualdad.com\/2017\/pt-pt\/politica-de-cookies\/\",\"url\":\"https:\/\/www.aqualiaigualdad.com\/2017\/pt-pt\/politica-de-cookies\/\",\"name\":\"Pol\u00edtica de cookies - Aqualia Igualdad\",\"isPartOf\":{\"@id\":\"https:\/\/www.aqualiaigualdad.com\/2017\/#website\"},\"datePublished\":\"2016-10-24T14:18:21+00:00\",\"dateModified\":\"2016-11-09T12:14:08+00:00\",\"breadcrumb\":{\"@id\":\"https:\/\/www.aqualiaigualdad.com\/2017\/pt-pt\/politica-de-cookies\/#breadcrumb\"},\"inLanguage\":\"pt-PT\",\"potentialAction\":[{\"@type\":\"ReadAction\",\"target\":[\"https:\/\/www.aqualiaigualdad.com\/2017\/pt-pt\/politica-de-cookies\/\"]}]},{\"@type\":\"BreadcrumbList\",\"@id\":\"https:\/\/www.aqualiaigualdad.com\/2017\/pt-pt\/politica-de-cookies\/#breadcrumb\",\"itemListElement\":[{\"@type\":\"ListItem\",\"position\":1,\"name\":\"Portada\",\"item\":\"https:\/\/www.aqualiaigualdad.com\/2017\/pt-pt\/\"},{\"@type\":\"ListItem\",\"position\":2,\"name\":\"Pol\u00edtica de cookies\"}]},{\"@type\":\"WebSite\",\"@id\":\"https:\/\/www.aqualiaigualdad.com\/2017\/#website\",\"url\":\"https:\/\/www.aqualiaigualdad.com\/2017\/\",\"name\":\"Aqualia Igualdad\",\"description\":\"Otro sitio realizado con WordPress\",\"potentialAction\":[{\"@type\":\"SearchAction\",\"target\":{\"@type\":\"EntryPoint\",\"urlTemplate\":\"https:\/\/www.aqualiaigualdad.com\/2017\/?s={search_term_string}\"},\"query-input\":\"required name=search_term_string\"}],\"inLanguage\":\"pt-PT\"}]}<\/script>\n<!-- \/ Yoast SEO plugin. -->","yoast_head_json":{"title":"Pol\u00edtica de cookies - Aqualia Igualdad","robots":{"index":"noindex","follow":"follow"},"og_locale":"pt_PT","og_type":"article","og_title":"Pol\u00edtica de cookies - Aqualia Igualdad","og_description":"O que s\u00e3o Cookies? Um cookie \u00e9 um ficheiro de texto que \u00e9 guardado no seu computador ou dispositivo m\u00f3vel atrav\u00e9s de um servidor Web e apenas esse servidor ser\u00e1 capaz de recuperar ou ler o conte\u00fado do cookie e permitir que o Web site se lembre das prefer\u00eancias de navega\u00e7\u00e3o para navegar de forma [&hellip;]","og_url":"https:\/\/www.aqualiaigualdad.com\/2017\/pt-pt\/politica-de-cookies\/","og_site_name":"Aqualia Igualdad","article_modified_time":"2016-11-09T12:14:08+00:00","twitter_card":"summary_large_image","twitter_misc":{"Tempo estimado de leitura":"8 minutos"},"schema":{"@context":"https:\/\/schema.org","@graph":[{"@type":"WebPage","@id":"https:\/\/www.aqualiaigualdad.com\/2017\/pt-pt\/politica-de-cookies\/","url":"https:\/\/www.aqualiaigualdad.com\/2017\/pt-pt\/politica-de-cookies\/","name":"Pol\u00edtica de cookies - Aqualia Igualdad","isPartOf":{"@id":"https:\/\/www.aqualiaigualdad.com\/2017\/#website"},"datePublished":"2016-10-24T14:18:21+00:00","dateModified":"2016-11-09T12:14:08+00:00","breadcrumb":{"@id":"https:\/\/www.aqualiaigualdad.com\/2017\/pt-pt\/politica-de-cookies\/#breadcrumb"},"inLanguage":"pt-PT","potentialAction":[{"@type":"ReadAction","target":["https:\/\/www.aqualiaigualdad.com\/2017\/pt-pt\/politica-de-cookies\/"]}]},{"@type":"BreadcrumbList","@id":"https:\/\/www.aqualiaigualdad.com\/2017\/pt-pt\/politica-de-cookies\/#breadcrumb","itemListElement":[{"@type":"ListItem","position":1,"name":"Portada","item":"https:\/\/www.aqualiaigualdad.com\/2017\/pt-pt\/"},{"@type":"ListItem","position":2,"name":"Pol\u00edtica de cookies"}]},{"@type":"WebSite","@id":"https:\/\/www.aqualiaigualdad.com\/2017\/#website","url":"https:\/\/www.aqualiaigualdad.com\/2017\/","name":"Aqualia Igualdad","description":"Otro sitio realizado con WordPress","potentialAction":[{"@type":"SearchAction","target":{"@type":"EntryPoint","urlTemplate":"https:\/\/www.aqualiaigualdad.com\/2017\/?s={search_term_string}"},"query-input":"required name=search_term_string"}],"inLanguage":"pt-PT"}]}},"_links":{"self":[{"href":"https:\/\/www.aqualiaigualdad.com\/2017\/pt-pt\/wp-json\/wp\/v2\/pages\/28"}],"collection":[{"href":"https:\/\/www.aqualiaigualdad.com\/2017\/pt-pt\/wp-json\/wp\/v2\/pages"}],"about":[{"href":"https:\/\/www.aqualiaigualdad.com\/2017\/pt-pt\/wp-json\/wp\/v2\/types\/page"}],"author":[{"embeddable":true,"href":"https:\/\/www.aqualiaigualdad.com\/2017\/pt-pt\/wp-json\/wp\/v2\/users\/1"}],"replies":[{"embeddable":true,"href":"https:\/\/www.aqualiaigualdad.com\/2017\/pt-pt\/wp-json\/wp\/v2\/comments?post=28"}],"version-history":[{"count":2,"href":"https:\/\/www.aqualiaigualdad.com\/2017\/pt-pt\/wp-json\/wp\/v2\/pages\/28\/revisions"}],"predecessor-version":[{"id":127,"href":"https:\/\/www.aqualiaigualdad.com\/2017\/pt-pt\/wp-json\/wp\/v2\/pages\/28\/revisions\/127"}],"wp:attachment":[{"href":"https:\/\/www.aqualiaigualdad.com\/2017\/pt-pt\/wp-json\/wp\/v2\/media?parent=28"}],"curies":[{"name":"wp","href":"https:\/\/api.w.org\/{rel}","templated":true}]}}