{"id":22,"date":"2016-10-24T14:15:42","date_gmt":"2016-10-24T14:15:42","guid":{"rendered":"http:\/\/www.aqualiacontigo.com\/?page_id=22"},"modified":"2017-02-17T12:22:21","modified_gmt":"2017-02-17T11:22:21","slug":"bases-legales","status":"publish","type":"page","link":"https:\/\/www.aqualiaigualdad.com\/2017\/bases-legales\/","title":{"rendered":"Bases legales"},"content":{"rendered":"<p>FCC Aqualia S.A. (en adelante Aqualia o la organizaci\u00f3n), con domicilio en Madrid y CIF A26019992, con motivo de la celebraci\u00f3n del\u00a0<strong>D\u00eda Internacional de la Mujer<\/strong>\u00a0el 8 de Marzo de 2017, organiza una campa\u00f1a para la participaci\u00f3n por parte de sus empleados, a trav\u00e9s de website espec\u00edfica y Twitter que se regir\u00e1 con arreglo a las presentes bases legales (en adelante, las Bases).<\/p>\n<p><strong><u>Campa\u00f1a:<\/u><\/strong><\/p>\n<p>La campa\u00f1a organizada por Aqualia consiste en la publicaci\u00f3n de fotos y mensajes de apoyo a la igualdad entre hombres y mujeres por parte de los trabajadores de Aqualia que as\u00ed lo deseen, de forma voluntaria, a trav\u00e9s de la p\u00e1gina web www.aqualiaigualdad.com\u00a0(en adelante, La Plataforma).<\/p>\n<p>Las fotograf\u00edas y mensajes, a su vez, y siempre que el participante as\u00ed lo marque en la plataforma, ser\u00e1n compartidos en la red social Twitter, junto al hashtag definido en esta campa\u00f1a: #Aqualiaigualdad<\/p>\n<p>En el registro de fotograf\u00edas y mensajes tambi\u00e9n se incluir\u00e1n, de manera opcional, el nombre y departamento del participante que as\u00ed lo desee.<\/p>\n<p>Posteriormente, las fotograf\u00edas, mensajes y datos indicados por cada participante, formar\u00e1n parte del archivo de materiales de la Campa\u00f1a para uso de Aqualia en comunicaciones y publicaciones que hagan referencia a este tipo de iniciativas de apoyo a temas sociales por parte de la organizaci\u00f3n.<\/p>\n<p><strong><u>Duraci\u00f3n de la campa\u00f1a<\/u><\/strong><\/p>\n<p>La campa\u00f1a estar\u00e1 activa desde las 00:00horas (GMT+1) del d\u00eda 27\/02\/2017 hasta las 00:00 horas (GMT+1) del d\u00eda 08\/03\/2017.<\/p>\n<p>Si por causas de fuerza mayor o ajenas al control de Aqualia fuera preciso aplazar o modificar la duraci\u00f3n de la campa\u00f1a, o anular o repetir la misma, este hecho se notificar\u00e1 a los participantes a trav\u00e9s de la Plataforma o v\u00eda correo electr\u00f3nico u otras herramientas de comunicaci\u00f3n interna de Aqualia.<\/p>\n<p><strong><u>Descripci\u00f3n de los participantes<\/u><\/strong><\/p>\n<p>La campa\u00f1a organizada por Aqualia est\u00e1 destinada a la participaci\u00f3n de todos los trabajadores que forman parte de la compa\u00f1\u00eda, as\u00ed como de sus filiales y empresas UTES y Mixtas.<\/p>\n<p>No se considerar\u00e1 v\u00e1lida la participaci\u00f3n en el concurso de personas que no cumplan con los requisitos indicados anteriormente.<\/p>\n<p><strong><u>Aceptaci\u00f3n de las Bases<\/u><\/strong><\/p>\n<p>La participaci\u00f3n en esta campa\u00f1a supone la aceptaci\u00f3n \u00edntegra de las presentes Bases y la sumisi\u00f3n expresa de las decisiones interpretativas que de las mismas efect\u00fae la organizaci\u00f3n. Aqualia se reserva el derecho a descalificar a los participantes que incumplan las mismas y, especialmente, cualquier participaci\u00f3n que vaya en contra de estas Bases.<\/p>\n<p>Con la aceptaci\u00f3n de estas Bases los participantes comprenden los t\u00e9rminos y condiciones de las mismas y se comprometen a cumplir con la normativa vigente que pueda resultar de aplicaci\u00f3n a este respecto, de modo que por el simple hecho de participar en la campa\u00f1a est\u00e1n prestando su consentimiento a someterse a las Bases y a la legalidad de forma total e irrevocable.<\/p>\n<p>La manifestaci\u00f3n en contrario del participante, independientemente de en qu\u00e9 momento se realice, implicar\u00e1 su autoexclusi\u00f3n de la campa\u00f1a y la liberaci\u00f3n de Aqualia de cualquier compromiso adquirido con el participante.<\/p>\n<p>Las presentes Bases se encuentran a disposici\u00f3n de cualquier persona que desee consultarlas a trav\u00e9s de la Plataforma (<a href=\"http:\/\/www.aqualiaigualdad.com\">www.aqualiaigualdad.com<\/a>).<\/p>\n<p>&nbsp;<\/p>\n<p><strong><u>T\u00e9rminos de participaci\u00f3n<\/u><\/strong><\/p>\n<p>Para poder participar en la campa\u00f1a, el interesado debe acceder a la Plataforma y seleccionar entre las distintas opciones de participaci\u00f3n que se ofrecen:<\/p>\n<ul>\n<li>Descargando el icono de campa\u00f1a y hacer uso de \u00e9l como imagen gen\u00e9rica a compartir en redes sociales (preferiblemente Twitter, de forma asociada a la campa\u00f1a, junto al hashtag definido: #Aqualiaigualdad) o como imagen de sus perfiles en redes sociales durante el periodo de campa\u00f1a.<\/li>\n<li>Publicando en la plataforma web su propia fotograf\u00eda (individual o de grupo) junto a mensaje de apoyo a la igualdad entre hombres y mujeres y datos opcionales si se desea (nombre y departamento \/ Servicio).<\/li>\n<li>Compartiendo, adem\u00e1s, lo anteriormente publicado en la plataforma, a trav\u00e9s de la red social Twitter, desde el mismo formulario de participaci\u00f3n que facilita la plataforma, o desde Twitter directamente, junto a su fotograf\u00eda personal, una vez personalizada a trav\u00e9s de la plataforma, con la imagen (s\u00edmbolo femenino) de la Campa\u00f1a.<\/li>\n<\/ul>\n<p>Debe tenerse en cuenta que las valoraciones que se puedan realizar de las publicaciones a trav\u00e9s de las distintas redes sociales en las que se pueden compartir, no dependen y son ajenas al control de Aqualia. Twitter, ni ninguna otra red social, patrocinan, avalan, ni administran de modo alguno la Campa\u00f1a.<\/p>\n<p>Aqualia se reserva el derecho de eliminar la publicaci\u00f3n de cualquiera que trate de, o llegue a, defraudar, alterar o inutilizar el buen funcionamiento y el transcurso normal y reglamentario de la Campa\u00f1a.<\/p>\n<p><strong><u>Requisitos para participar<\/u><\/strong><\/p>\n<p>La participaci\u00f3n en la Campa\u00f1a es gratuita, voluntaria y est\u00e1 limitada a quienes cumplan todos los requisitos que se detallan a continuaci\u00f3n:<\/p>\n<ul>\n<li>Ser, actualmente, trabajador de Aqualia as\u00ed como de sus filiales y empresas UTES y Mixtas.<\/li>\n<li>Cumplir con los requisitos especificados en el apartado \u201cT\u00e9rminos de participaci\u00f3n\u201d de las presentes Bases.<\/li>\n<li>No utilizar la participaci\u00f3n en el presente concurso para: (i) difundir ideas pol\u00edticas o religiosas, (ii) promover injurias y\/o calumnias frente\u00a0 aterceros, (iii) usar lenguaje ni fotograf\u00edas violentas, obscenas y ofensivas, (iv) publicar contenido diferente a la tem\u00e1tica de la Campa\u00f1a ni (v) publicar contenido que incluya im\u00e1genes ni datos personales de menores de edad.<\/li>\n<\/ul>\n<p><strong><u>Comunicaci\u00f3n de la Campa\u00f1a<\/u><\/strong><\/p>\n<p>La comunicaci\u00f3n p\u00fablica de la Campa\u00f1a se llevar\u00e1 a cabo a partir del 27 de febrero \u00a0de 2017 a trav\u00e9s de:<\/p>\n<ul>\n<li>Los canales de comunicaci\u00f3n interna disponibles en Aqualia: intranet, carteles en oficinas e instalaciones, Flash informativo, Tu Flash, emailing espec\u00edfico a trav\u00e9s de correo electr\u00f3nico, etc.<\/li>\n<li>A trav\u00e9s de la Plataforma\u00a0<a href=\"http:\/\/www.aqualiacontigo.com\/\">aqualiaigualdad.com<\/a><\/li>\n<li>A trav\u00e9s de la p\u00e1gina web de Aqualia:<a href=\"http:\/\/www.aqualia.com\/\">aqualia.com<\/a><\/li>\n<li>A trav\u00e9s de la red social Twitter (@FCCAqualia)<\/li>\n<li>A trav\u00e9s de los Medios de Comunicaci\u00f3n que se hagan eco de la misma.<\/li>\n<\/ul>\n<p><strong><u>Protecci\u00f3n de datos de car\u00e1cter personal<\/u><\/strong><\/p>\n<p>En cumplimiento de la Ley Org\u00e1nica 15\/1999, de 13 de diciembre, de Protecci\u00f3n de Datos de Car\u00e1cter Personal, Aqualia le informa\u00a0<u>y usted consiente expresamente que sus datos personales facilitados a trav\u00e9s de la Plataforma\u00a0<\/u><a href=\"http:\/\/www.aqualiaigualdad.com\">www.aqualiaigualdad.com<\/a><u>, sean incluidos en un fichero de Aqualia, siendo tratados por la misma, en calidad de Responsable de Fichero, con las siguientes finalidades:<\/u><\/p>\n<ul>\n<li>Gestionar la correcta participaci\u00f3n de la Campa\u00f1a.<\/li>\n<li>Difundir la Campa\u00f1a, sus resultados y la fotograf\u00eda, mensajes y datos indicados por cualquier medio de comunicaci\u00f3n.<\/li>\n<\/ul>\n<p>Para el buen desarrollo de la Campa\u00f1a ser\u00e1 necesario que los datos personales de los participantes, recabados a trav\u00e9s de la Plataforma, sean veraces, completos y actuales, a lo que se comprometen a trav\u00e9s de la aceptaci\u00f3n de estas Bases. Si los datos de car\u00e1cter personal de un participante en la Campa\u00f1a fueran inciertos, falsos, incompletos o no fueran actualizados de manera que la identificaci\u00f3n del participante sea imposible por medios razonables, Aqualia se reserva el derecho a descalificarlos de la Campa\u00f1a, quedando libre de toda responsabilidad al respecto.<\/p>\n<p>Usted podr\u00e1 ejercitar los derechos de acceso, rectificaci\u00f3n, cancelaci\u00f3n u oposici\u00f3n, para usted mismo o en representaci\u00f3n del participante de la Campa\u00f1a, remitiendo un escrito con la ref. \u201cProtecci\u00f3n de Datos\u201d y fotocopia del DNI del titular de los datos, a la siguiente direcci\u00f3n postal, C\/ Federico Salm\u00f3n, 13. 28016 Madrid o cursando su petici\u00f3n con los mismos requisitos a trav\u00e9s de\u00a0<a href=\"mailto:protecciondedatos@fcc.es\">protecciondedatos@fcc.es<\/a>.<\/p>\n<p>Mediante la aceptaci\u00f3n de las presentes Bases, los participantes ceden a Aqualia, en exclusiva y con facultad de cesi\u00f3n a terceros, los derechos de imagen, as\u00ed como cualesquiera otros derechos que pudieran corresponderles como consecuencia de su participaci\u00f3n en la Campa\u00f1a y que podr\u00e1n ser objeto de comunicaci\u00f3n p\u00fablica a trav\u00e9s de diversos medios de comunicaci\u00f3n (p\u00e1ginas web, redes sociales, etc.)<\/p>\n<p>A tal efecto, el participante autoriza a Aqualia la utilizaci\u00f3n de la imagen y datos personales del participante que puedan ser recabados durante el desarrollo de la Campa\u00f1a, con el fin de permitir su explotaci\u00f3n mediante cualquier modalidad, para todo el mundo y sin l\u00edmite de tiempo.<\/p>\n<p><strong><u>Derechos de propiedad intelectual<\/u><\/strong><\/p>\n<p>El participante garantiza que es el \u00fanico titular de los derechos de propiedad intelectual de cada una de las fotograf\u00edas y mensajes que se presenten en la Campa\u00f1a a trav\u00e9s de la plataforma\u00a0<a href=\"http:\/\/www.aqualiaigualdad.com\">www.aqualiaigualdad.com<\/a>\u00a0y se responsabiliza totalmente de que no existan derechos de terceros en los contenidos publicados, as\u00ed como de toda reclamaci\u00f3n de terceros por derechos de imagen y\/o de propiedad intelectual.<\/p>\n<p>La participaci\u00f3n en la Campa\u00f1a supone la cesi\u00f3n con car\u00e1cter exclusivo y transferible, para un \u00e1mbito territorial mundial, durante todo el per\u00edodo de vigencia de los derechos de propiedad intelectual y con car\u00e1cter gratuito por el participante a Aqualia de todos los derechos de explotaci\u00f3n que se deriven de las creaciones con las que en su caso participe en la Campa\u00f1a.<\/p>\n<p>La cesi\u00f3n de derechos de propiedad intelectual seg\u00fan lo expuesto en las presentes bases, no genera ni otorga reembolso, pago de tarifa o canon ni derechos econ\u00f3micos de ning\u00fan tipo para el participante.<\/p>\n<p><strong><u>Responsabilidades<\/u><\/strong><\/p>\n<p>Aqualia se reserva el derecho de anular cualquier participaci\u00f3n o a cualquier participante, si se tienen sospechas de una manipulaci\u00f3n incorrecta de los datos o de la Campa\u00f1a.<\/p>\n<p>La organizaci\u00f3n se reserva el derecho a rechazar o excluir de la participaci\u00f3n en la Campa\u00f1a a cualquier participante que no re\u00fana los requisitos descritos en las presentes bases y t\u00e9rminos de participaci\u00f3n o contravenga las normas o finalidad de la Campa\u00f1a.<\/p>\n<p>La organizaci\u00f3n no se responsabiliza del mal funcionamiento de la Plataforma, ni de las posibles p\u00e9rdidas de datos por problemas de correo electr\u00f3nico y\/o por el mal funcionamiento de internet.<\/p>\n<p>Adem\u00e1s, la organizaci\u00f3n excluye cualquier responsabilidad por los da\u00f1os y perjuicios de toda naturaleza que, a pesar de las medidas de seguridad adoptadas, pudieran deberse a la utilizaci\u00f3n indebida de los servicios y de los contenidos por parte de los usuarios, y, en particular, aunque no de forma exclusiva, por los da\u00f1os y perjuicios de toda naturaleza que puedan deberse a la suplantaci\u00f3n de la personalidad de un tercero efectuada por un usuario en cualquier clase de comunicaci\u00f3n realizada a trav\u00e9s de la Plataforma.<\/p>\n<p><strong><u>Nulidad<\/u><\/strong><\/p>\n<p>Si cualquier previsi\u00f3n de las presentes Bases fuese declarada, total o parcialmente, nula o ineficaz, tal nulidad o ineficacia afectar\u00e1 tan s\u00f3lo a dicha disposici\u00f3n o parte de la misma que resulte nula o ineficaz, subsistiendo en todo lo dem\u00e1s el resto de Bases y teni\u00e9ndose tal disposici\u00f3n o la parte de la misma que resulte afectada por no puesta, salvo que, por resultar esencial a las presentes Bases, hubiese de afectarlas de forma integral.<\/p>\n<p><strong><u>Jurisdicci\u00f3n y ley aplicable<\/u><\/strong><\/p>\n<p>Las presentes Bases se interpretar\u00e1n y regir\u00e1n de conformidad con la legislaci\u00f3n espa\u00f1ola. Para cualquier cuesti\u00f3n litigiosa derivada de la existencia, acceso, utilizaci\u00f3n o contenido de las Bases, el participante y Aqualia renuncian expresamente a cualquier otro fuero que pudiera corresponderles, someti\u00e9ndose a la jurisdicci\u00f3n y competencia exclusiva de los Juzgados y Tribunales de Madrid.<\/p>\n","protected":false},"excerpt":{"rendered":"<p>FCC Aqualia S.A. (en adelante Aqualia o la organizaci\u00f3n), con domicilio en Madrid y CIF A26019992, con motivo de la celebraci\u00f3n del\u00a0D\u00eda Internacional de la Mujer\u00a0el 8 de Marzo de 2017, organiza una campa\u00f1a para la participaci\u00f3n por parte de sus empleados, a trav\u00e9s de website espec\u00edfica y Twitter que se regir\u00e1 con arreglo a [&hellip;]<\/p>\n","protected":false},"author":1,"featured_media":0,"parent":0,"menu_order":0,"comment_status":"closed","ping_status":"closed","template":"page-templates\/page-static-text.php","meta":{"_mi_skip_tracking":false},"yoast_head":"<!-- This site is optimized with the Yoast SEO plugin v20.0 - https:\/\/yoast.com\/wordpress\/plugins\/seo\/ -->\n<title>Bases legales - Aqualia Igualdad<\/title>\n<meta name=\"robots\" content=\"noindex, follow, max-snippet:-1, max-image-preview:large, max-video-preview:-1\" \/>\n<meta property=\"og:locale\" content=\"es_ES\" \/>\n<meta property=\"og:type\" content=\"article\" \/>\n<meta property=\"og:title\" content=\"Bases legales - Aqualia Igualdad\" \/>\n<meta property=\"og:description\" content=\"FCC Aqualia S.A. (en adelante Aqualia o la organizaci\u00f3n), con domicilio en Madrid y CIF A26019992, con motivo de la celebraci\u00f3n del\u00a0D\u00eda Internacional de la Mujer\u00a0el 8 de Marzo de 2017, organiza una campa\u00f1a para la participaci\u00f3n por parte de sus empleados, a trav\u00e9s de website espec\u00edfica y Twitter que se regir\u00e1 con arreglo a [&hellip;]\" \/>\n<meta property=\"og:url\" content=\"https:\/\/www.aqualiaigualdad.com\/2017\/bases-legales\/\" \/>\n<meta property=\"og:site_name\" content=\"Aqualia Igualdad\" \/>\n<meta property=\"article:modified_time\" content=\"2017-02-17T11:22:21+00:00\" \/>\n<meta name=\"twitter:card\" content=\"summary_large_image\" \/>\n<meta name=\"twitter:label1\" content=\"Tiempo de lectura\" \/>\n\t<meta name=\"twitter:data1\" content=\"10 minutos\" \/>\n<script type=\"application\/ld+json\" class=\"yoast-schema-graph\">{\"@context\":\"https:\/\/schema.org\",\"@graph\":[{\"@type\":\"WebPage\",\"@id\":\"https:\/\/www.aqualiaigualdad.com\/2017\/bases-legales\/\",\"url\":\"https:\/\/www.aqualiaigualdad.com\/2017\/bases-legales\/\",\"name\":\"Bases legales - Aqualia Igualdad\",\"isPartOf\":{\"@id\":\"https:\/\/www.aqualiaigualdad.com\/2017\/#website\"},\"datePublished\":\"2016-10-24T14:15:42+00:00\",\"dateModified\":\"2017-02-17T11:22:21+00:00\",\"breadcrumb\":{\"@id\":\"https:\/\/www.aqualiaigualdad.com\/2017\/bases-legales\/#breadcrumb\"},\"inLanguage\":\"es\",\"potentialAction\":[{\"@type\":\"ReadAction\",\"target\":[\"https:\/\/www.aqualiaigualdad.com\/2017\/bases-legales\/\"]}]},{\"@type\":\"BreadcrumbList\",\"@id\":\"https:\/\/www.aqualiaigualdad.com\/2017\/bases-legales\/#breadcrumb\",\"itemListElement\":[{\"@type\":\"ListItem\",\"position\":1,\"name\":\"Portada\",\"item\":\"https:\/\/www.aqualiaigualdad.com\/2017\/\"},{\"@type\":\"ListItem\",\"position\":2,\"name\":\"Bases legales\"}]},{\"@type\":\"WebSite\",\"@id\":\"https:\/\/www.aqualiaigualdad.com\/2017\/#website\",\"url\":\"https:\/\/www.aqualiaigualdad.com\/2017\/\",\"name\":\"Aqualia Igualdad\",\"description\":\"Otro sitio realizado con WordPress\",\"potentialAction\":[{\"@type\":\"SearchAction\",\"target\":{\"@type\":\"EntryPoint\",\"urlTemplate\":\"https:\/\/www.aqualiaigualdad.com\/2017\/?s={search_term_string}\"},\"query-input\":\"required name=search_term_string\"}],\"inLanguage\":\"es\"}]}<\/script>\n<!-- \/ Yoast SEO plugin. -->","yoast_head_json":{"title":"Bases legales - Aqualia Igualdad","robots":{"index":"noindex","follow":"follow","max-snippet":"max-snippet:-1","max-image-preview":"max-image-preview:large","max-video-preview":"max-video-preview:-1"},"og_locale":"es_ES","og_type":"article","og_title":"Bases legales - Aqualia Igualdad","og_description":"FCC Aqualia S.A. (en adelante Aqualia o la organizaci\u00f3n), con domicilio en Madrid y CIF A26019992, con motivo de la celebraci\u00f3n del\u00a0D\u00eda Internacional de la Mujer\u00a0el 8 de Marzo de 2017, organiza una campa\u00f1a para la participaci\u00f3n por parte de sus empleados, a trav\u00e9s de website espec\u00edfica y Twitter que se regir\u00e1 con arreglo a [&hellip;]","og_url":"https:\/\/www.aqualiaigualdad.com\/2017\/bases-legales\/","og_site_name":"Aqualia Igualdad","article_modified_time":"2017-02-17T11:22:21+00:00","twitter_card":"summary_large_image","twitter_misc":{"Tiempo de lectura":"10 minutos"},"schema":{"@context":"https:\/\/schema.org","@graph":[{"@type":"WebPage","@id":"https:\/\/www.aqualiaigualdad.com\/2017\/bases-legales\/","url":"https:\/\/www.aqualiaigualdad.com\/2017\/bases-legales\/","name":"Bases legales - Aqualia Igualdad","isPartOf":{"@id":"https:\/\/www.aqualiaigualdad.com\/2017\/#website"},"datePublished":"2016-10-24T14:15:42+00:00","dateModified":"2017-02-17T11:22:21+00:00","breadcrumb":{"@id":"https:\/\/www.aqualiaigualdad.com\/2017\/bases-legales\/#breadcrumb"},"inLanguage":"es","potentialAction":[{"@type":"ReadAction","target":["https:\/\/www.aqualiaigualdad.com\/2017\/bases-legales\/"]}]},{"@type":"BreadcrumbList","@id":"https:\/\/www.aqualiaigualdad.com\/2017\/bases-legales\/#breadcrumb","itemListElement":[{"@type":"ListItem","position":1,"name":"Portada","item":"https:\/\/www.aqualiaigualdad.com\/2017\/"},{"@type":"ListItem","position":2,"name":"Bases legales"}]},{"@type":"WebSite","@id":"https:\/\/www.aqualiaigualdad.com\/2017\/#website","url":"https:\/\/www.aqualiaigualdad.com\/2017\/","name":"Aqualia Igualdad","description":"Otro sitio realizado con WordPress","potentialAction":[{"@type":"SearchAction","target":{"@type":"EntryPoint","urlTemplate":"https:\/\/www.aqualiaigualdad.com\/2017\/?s={search_term_string}"},"query-input":"required name=search_term_string"}],"inLanguage":"es"}]}},"_links":{"self":[{"href":"https:\/\/www.aqualiaigualdad.com\/2017\/wp-json\/wp\/v2\/pages\/22"}],"collection":[{"href":"https:\/\/www.aqualiaigualdad.com\/2017\/wp-json\/wp\/v2\/pages"}],"about":[{"href":"https:\/\/www.aqualiaigualdad.com\/2017\/wp-json\/wp\/v2\/types\/page"}],"author":[{"embeddable":true,"href":"https:\/\/www.aqualiaigualdad.com\/2017\/wp-json\/wp\/v2\/users\/1"}],"replies":[{"embeddable":true,"href":"https:\/\/www.aqualiaigualdad.com\/2017\/wp-json\/wp\/v2\/comments?post=22"}],"version-history":[{"count":5,"href":"https:\/\/www.aqualiaigualdad.com\/2017\/wp-json\/wp\/v2\/pages\/22\/revisions"}],"predecessor-version":[{"id":1371,"href":"https:\/\/www.aqualiaigualdad.com\/2017\/wp-json\/wp\/v2\/pages\/22\/revisions\/1371"}],"wp:attachment":[{"href":"https:\/\/www.aqualiaigualdad.com\/2017\/wp-json\/wp\/v2\/media?parent=22"}],"curies":[{"name":"wp","href":"https:\/\/api.w.org\/{rel}","templated":true}]}}